{"id":559,"date":"2024-12-16T18:21:31","date_gmt":"2024-12-16T17:21:31","guid":{"rendered":"https:\/\/grupoafv.com\/?page_id=559"},"modified":"2024-12-16T18:57:59","modified_gmt":"2024-12-16T17:57:59","slug":"especiales","status":"publish","type":"page","link":"https:\/\/grupoafv.com\/?page_id=559","title":{"rendered":"Especiales"},"content":{"rendered":"\n<p class=\"has-text-align-center\" style=\"font-size:42px\">Trabajos especiales<\/p>\n\n\n\n<p><\/p>\n\n\n\n<p>Realizamos trabajos temporales y para eventos en los que montamos cualquier tipo de estructura temporal en cualquier ubicaci\u00f3n para dar un servicio temporal a un evento particular.<\/p>\n\n\n\n<p>Hemos realizado este tipo de trabajos para ampliar cobertura en MotoGP, maniobras militares, estudios de coberturas, certificaciones de aeronaves, UAVs, USVs&#8230;<\/p>\n\n\n\n<p>Una imagen dice m\u00e1s que mil palabras&#8230;<\/p>\n\n\n\n<figure class=\"wp-block-image size-large\"><img loading=\"lazy\" decoding=\"async\" width=\"1024\" height=\"765\" src=\"https:\/\/grupoafv.com\/wp-content\/uploads\/2024\/12\/Imagen-de-WhatsApp-2024-01-23-a-las-12.52.44_3910611b-1024x765.jpg\" alt=\"\" class=\"wp-image-560\" srcset=\"https:\/\/grupoafv.com\/wp-content\/uploads\/2024\/12\/Imagen-de-WhatsApp-2024-01-23-a-las-12.52.44_3910611b-1024x765.jpg 1024w, https:\/\/grupoafv.com\/wp-content\/uploads\/2024\/12\/Imagen-de-WhatsApp-2024-01-23-a-las-12.52.44_3910611b-300x224.jpg 300w, https:\/\/grupoafv.com\/wp-content\/uploads\/2024\/12\/Imagen-de-WhatsApp-2024-01-23-a-las-12.52.44_3910611b-768x574.jpg 768w, https:\/\/grupoafv.com\/wp-content\/uploads\/2024\/12\/Imagen-de-WhatsApp-2024-01-23-a-las-12.52.44_3910611b-1536x1148.jpg 1536w, https:\/\/grupoafv.com\/wp-content\/uploads\/2024\/12\/Imagen-de-WhatsApp-2024-01-23-a-las-12.52.44_3910611b.jpg 1600w\" sizes=\"auto, (max-width: 1024px) 100vw, 1024px\" \/><\/figure>\n\n\n\n<figure class=\"wp-block-image size-large\"><img loading=\"lazy\" decoding=\"async\" width=\"1024\" height=\"576\" src=\"https:\/\/grupoafv.com\/wp-content\/uploads\/2024\/12\/Imagen-de-WhatsApp-2024-09-05-a-las-09.53.10_6e81b06b-1024x576.jpg\" alt=\"\" class=\"wp-image-562\" srcset=\"https:\/\/grupoafv.com\/wp-content\/uploads\/2024\/12\/Imagen-de-WhatsApp-2024-09-05-a-las-09.53.10_6e81b06b-1024x576.jpg 1024w, https:\/\/grupoafv.com\/wp-content\/uploads\/2024\/12\/Imagen-de-WhatsApp-2024-09-05-a-las-09.53.10_6e81b06b-300x169.jpg 300w, https:\/\/grupoafv.com\/wp-content\/uploads\/2024\/12\/Imagen-de-WhatsApp-2024-09-05-a-las-09.53.10_6e81b06b-768x432.jpg 768w, https:\/\/grupoafv.com\/wp-content\/uploads\/2024\/12\/Imagen-de-WhatsApp-2024-09-05-a-las-09.53.10_6e81b06b-1536x864.jpg 1536w, https:\/\/grupoafv.com\/wp-content\/uploads\/2024\/12\/Imagen-de-WhatsApp-2024-09-05-a-las-09.53.10_6e81b06b.jpg 1599w\" sizes=\"auto, (max-width: 1024px) 100vw, 1024px\" \/><\/figure>\n\n\n\n<figure class=\"wp-block-image size-large\"><img loading=\"lazy\" decoding=\"async\" width=\"1024\" height=\"768\" src=\"https:\/\/grupoafv.com\/wp-content\/uploads\/2024\/12\/Imagen-de-WhatsApp-2024-06-14-a-las-21.58.29_46c0d395-1024x768.jpg\" alt=\"\" class=\"wp-image-563\" srcset=\"https:\/\/grupoafv.com\/wp-content\/uploads\/2024\/12\/Imagen-de-WhatsApp-2024-06-14-a-las-21.58.29_46c0d395-1024x768.jpg 1024w, https:\/\/grupoafv.com\/wp-content\/uploads\/2024\/12\/Imagen-de-WhatsApp-2024-06-14-a-las-21.58.29_46c0d395-300x225.jpg 300w, https:\/\/grupoafv.com\/wp-content\/uploads\/2024\/12\/Imagen-de-WhatsApp-2024-06-14-a-las-21.58.29_46c0d395-768x576.jpg 768w, https:\/\/grupoafv.com\/wp-content\/uploads\/2024\/12\/Imagen-de-WhatsApp-2024-06-14-a-las-21.58.29_46c0d395-1536x1152.jpg 1536w, https:\/\/grupoafv.com\/wp-content\/uploads\/2024\/12\/Imagen-de-WhatsApp-2024-06-14-a-las-21.58.29_46c0d395.jpg 1600w\" sizes=\"auto, (max-width: 1024px) 100vw, 1024px\" \/><\/figure>\n\n\n\n<figure class=\"wp-block-image size-large\"><img loading=\"lazy\" decoding=\"async\" width=\"1024\" height=\"768\" src=\"https:\/\/grupoafv.com\/wp-content\/uploads\/2024\/12\/IMG_20221005_091455-1024x768.jpg\" alt=\"\" class=\"wp-image-573\" srcset=\"https:\/\/grupoafv.com\/wp-content\/uploads\/2024\/12\/IMG_20221005_091455-1024x768.jpg 1024w, https:\/\/grupoafv.com\/wp-content\/uploads\/2024\/12\/IMG_20221005_091455-300x225.jpg 300w, https:\/\/grupoafv.com\/wp-content\/uploads\/2024\/12\/IMG_20221005_091455-768x576.jpg 768w, https:\/\/grupoafv.com\/wp-content\/uploads\/2024\/12\/IMG_20221005_091455-1536x1152.jpg 1536w, https:\/\/grupoafv.com\/wp-content\/uploads\/2024\/12\/IMG_20221005_091455.jpg 2016w\" sizes=\"auto, (max-width: 1024px) 100vw, 1024px\" \/><\/figure>\n\n\n\n<figure class=\"wp-block-image size-large\"><img loading=\"lazy\" decoding=\"async\" width=\"1024\" height=\"768\" src=\"https:\/\/grupoafv.com\/wp-content\/uploads\/2024\/12\/1679570783124-1024x768.jpg\" alt=\"\" class=\"wp-image-575\" srcset=\"https:\/\/grupoafv.com\/wp-content\/uploads\/2024\/12\/1679570783124-1024x768.jpg 1024w, https:\/\/grupoafv.com\/wp-content\/uploads\/2024\/12\/1679570783124-300x225.jpg 300w, https:\/\/grupoafv.com\/wp-content\/uploads\/2024\/12\/1679570783124-768x576.jpg 768w, https:\/\/grupoafv.com\/wp-content\/uploads\/2024\/12\/1679570783124-1536x1152.jpg 1536w, https:\/\/grupoafv.com\/wp-content\/uploads\/2024\/12\/1679570783124.jpg 2000w\" sizes=\"auto, (max-width: 1024px) 100vw, 1024px\" \/><\/figure>\n\n\n\n<figure class=\"wp-block-image size-large\"><img loading=\"lazy\" decoding=\"async\" width=\"1024\" height=\"461\" src=\"https:\/\/grupoafv.com\/wp-content\/uploads\/2024\/12\/1682936899620-1024x461.jpg\" alt=\"\" class=\"wp-image-578\" srcset=\"https:\/\/grupoafv.com\/wp-content\/uploads\/2024\/12\/1682936899620-1024x461.jpg 1024w, https:\/\/grupoafv.com\/wp-content\/uploads\/2024\/12\/1682936899620-300x135.jpg 300w, https:\/\/grupoafv.com\/wp-content\/uploads\/2024\/12\/1682936899620-768x345.jpg 768w, https:\/\/grupoafv.com\/wp-content\/uploads\/2024\/12\/1682936899620-1536x691.jpg 1536w, https:\/\/grupoafv.com\/wp-content\/uploads\/2024\/12\/1682936899620.jpg 2048w\" sizes=\"auto, (max-width: 1024px) 100vw, 1024px\" \/><\/figure>\n","protected":false},"excerpt":{"rendered":"<p>Trabajos especiales Realizamos trabajos temporales y para eventos en los que montamos cualquier tipo de estructura temporal en cualquier ubicaci\u00f3n para dar un servicio temporal a un evento particular. Hemos&#8230;<\/p>\n","protected":false},"author":1,"featured_media":0,"parent":0,"menu_order":0,"comment_status":"closed","ping_status":"closed","template":"","meta":{"footnotes":""},"class_list":["post-559","page","type-page","status-publish"],"yoast_head":"<!-- This site is optimized with the Yoast SEO plugin v24.3 - https:\/\/yoast.com\/wordpress\/plugins\/seo\/ -->\n<title>Especiales - Grupo AFV<\/title>\n<meta name=\"robots\" content=\"index, follow, max-snippet:-1, max-image-preview:large, max-video-preview:-1\" \/>\n<link rel=\"canonical\" href=\"https:\/\/grupoafv.com\/?page_id=559\" \/>\n<meta property=\"og:locale\" content=\"es_ES\" \/>\n<meta property=\"og:type\" content=\"article\" \/>\n<meta property=\"og:title\" content=\"Especiales - Grupo AFV\" \/>\n<meta property=\"og:description\" content=\"Trabajos especiales Realizamos trabajos temporales y para eventos en los que montamos cualquier tipo de estructura temporal en cualquier ubicaci\u00f3n para dar un servicio temporal a un evento particular. Hemos...\" \/>\n<meta property=\"og:url\" content=\"https:\/\/grupoafv.com\/?page_id=559\" \/>\n<meta property=\"og:site_name\" content=\"Grupo AFV\" \/>\n<meta property=\"article:modified_time\" content=\"2024-12-16T17:57:59+00:00\" \/>\n<meta property=\"og:image\" content=\"https:\/\/grupoafv.com\/wp-content\/uploads\/2024\/12\/Imagen-de-WhatsApp-2024-01-23-a-las-12.52.44_3910611b-1024x765.jpg\" \/>\n<meta name=\"twitter:card\" content=\"summary_large_image\" \/>\n<script type=\"application\/ld+json\" class=\"yoast-schema-graph\">{\"@context\":\"https:\/\/schema.org\",\"@graph\":[{\"@type\":\"WebPage\",\"@id\":\"https:\/\/grupoafv.com\/?page_id=559\",\"url\":\"https:\/\/grupoafv.com\/?page_id=559\",\"name\":\"Especiales - Grupo AFV\",\"isPartOf\":{\"@id\":\"https:\/\/grupoafv.com\/#website\"},\"primaryImageOfPage\":{\"@id\":\"https:\/\/grupoafv.com\/?page_id=559#primaryimage\"},\"image\":{\"@id\":\"https:\/\/grupoafv.com\/?page_id=559#primaryimage\"},\"thumbnailUrl\":\"https:\/\/grupoafv.com\/wp-content\/uploads\/2024\/12\/Imagen-de-WhatsApp-2024-01-23-a-las-12.52.44_3910611b-1024x765.jpg\",\"datePublished\":\"2024-12-16T17:21:31+00:00\",\"dateModified\":\"2024-12-16T17:57:59+00:00\",\"breadcrumb\":{\"@id\":\"https:\/\/grupoafv.com\/?page_id=559#breadcrumb\"},\"inLanguage\":\"es\",\"potentialAction\":[{\"@type\":\"ReadAction\",\"target\":[\"https:\/\/grupoafv.com\/?page_id=559\"]}]},{\"@type\":\"ImageObject\",\"inLanguage\":\"es\",\"@id\":\"https:\/\/grupoafv.com\/?page_id=559#primaryimage\",\"url\":\"https:\/\/grupoafv.com\/wp-content\/uploads\/2024\/12\/Imagen-de-WhatsApp-2024-01-23-a-las-12.52.44_3910611b.jpg\",\"contentUrl\":\"https:\/\/grupoafv.com\/wp-content\/uploads\/2024\/12\/Imagen-de-WhatsApp-2024-01-23-a-las-12.52.44_3910611b.jpg\",\"width\":1600,\"height\":1196},{\"@type\":\"BreadcrumbList\",\"@id\":\"https:\/\/grupoafv.com\/?page_id=559#breadcrumb\",\"itemListElement\":[{\"@type\":\"ListItem\",\"position\":1,\"name\":\"Portada\",\"item\":\"https:\/\/grupoafv.com\/\"},{\"@type\":\"ListItem\",\"position\":2,\"name\":\"Especiales\"}]},{\"@type\":\"WebSite\",\"@id\":\"https:\/\/grupoafv.com\/#website\",\"url\":\"https:\/\/grupoafv.com\/\",\"name\":\"Grupo AFV\",\"description\":\"Nos especializamos en la instalaci\u00f3n de telecomunicaciones, sistemas el\u00e9ctricos y energ\u00edas fotovoltaicas, ofreciendo soluciones personalizadas y de alta calidad. Contamos con un equipo de profesionales altamente capacitados y m\u00e1s de 10 a\u00f1os de experiencia, lo que nos permite garantizar un servicio eficiente y adaptado a las necesidades de clientes residenciales, comerciales e industriales. Comprometidos con la innovaci\u00f3n y la sostenibilidad, trabajamos para construir infraestructuras modernas y respetuosas con el medio ambiente.\",\"publisher\":{\"@id\":\"https:\/\/grupoafv.com\/#organization\"},\"potentialAction\":[{\"@type\":\"SearchAction\",\"target\":{\"@type\":\"EntryPoint\",\"urlTemplate\":\"https:\/\/grupoafv.com\/?s={search_term_string}\"},\"query-input\":{\"@type\":\"PropertyValueSpecification\",\"valueRequired\":true,\"valueName\":\"search_term_string\"}}],\"inLanguage\":\"es\"},{\"@type\":\"Organization\",\"@id\":\"https:\/\/grupoafv.com\/#organization\",\"name\":\"Grupo AFV\",\"url\":\"https:\/\/grupoafv.com\/\",\"logo\":{\"@type\":\"ImageObject\",\"inLanguage\":\"es\",\"@id\":\"https:\/\/grupoafv.com\/#\/schema\/logo\/image\/\",\"url\":\"https:\/\/grupoafv.com\/wp-content\/uploads\/2024\/11\/LOGO-AFV.jpg\",\"contentUrl\":\"https:\/\/grupoafv.com\/wp-content\/uploads\/2024\/11\/LOGO-AFV.jpg\",\"width\":1200,\"height\":1200,\"caption\":\"Grupo AFV\"},\"image\":{\"@id\":\"https:\/\/grupoafv.com\/#\/schema\/logo\/image\/\"}}]}<\/script>\n<!-- \/ Yoast SEO plugin. -->","yoast_head_json":{"title":"Especiales - Grupo AFV","robots":{"index":"index","follow":"follow","max-snippet":"max-snippet:-1","max-image-preview":"max-image-preview:large","max-video-preview":"max-video-preview:-1"},"canonical":"https:\/\/grupoafv.com\/?page_id=559","og_locale":"es_ES","og_type":"article","og_title":"Especiales - Grupo AFV","og_description":"Trabajos especiales Realizamos trabajos temporales y para eventos en los que montamos cualquier tipo de estructura temporal en cualquier ubicaci\u00f3n para dar un servicio temporal a un evento particular. Hemos...","og_url":"https:\/\/grupoafv.com\/?page_id=559","og_site_name":"Grupo AFV","article_modified_time":"2024-12-16T17:57:59+00:00","og_image":[{"url":"https:\/\/grupoafv.com\/wp-content\/uploads\/2024\/12\/Imagen-de-WhatsApp-2024-01-23-a-las-12.52.44_3910611b-1024x765.jpg","type":"","width":"","height":""}],"twitter_card":"summary_large_image","schema":{"@context":"https:\/\/schema.org","@graph":[{"@type":"WebPage","@id":"https:\/\/grupoafv.com\/?page_id=559","url":"https:\/\/grupoafv.com\/?page_id=559","name":"Especiales - Grupo AFV","isPartOf":{"@id":"https:\/\/grupoafv.com\/#website"},"primaryImageOfPage":{"@id":"https:\/\/grupoafv.com\/?page_id=559#primaryimage"},"image":{"@id":"https:\/\/grupoafv.com\/?page_id=559#primaryimage"},"thumbnailUrl":"https:\/\/grupoafv.com\/wp-content\/uploads\/2024\/12\/Imagen-de-WhatsApp-2024-01-23-a-las-12.52.44_3910611b-1024x765.jpg","datePublished":"2024-12-16T17:21:31+00:00","dateModified":"2024-12-16T17:57:59+00:00","breadcrumb":{"@id":"https:\/\/grupoafv.com\/?page_id=559#breadcrumb"},"inLanguage":"es","potentialAction":[{"@type":"ReadAction","target":["https:\/\/grupoafv.com\/?page_id=559"]}]},{"@type":"ImageObject","inLanguage":"es","@id":"https:\/\/grupoafv.com\/?page_id=559#primaryimage","url":"https:\/\/grupoafv.com\/wp-content\/uploads\/2024\/12\/Imagen-de-WhatsApp-2024-01-23-a-las-12.52.44_3910611b.jpg","contentUrl":"https:\/\/grupoafv.com\/wp-content\/uploads\/2024\/12\/Imagen-de-WhatsApp-2024-01-23-a-las-12.52.44_3910611b.jpg","width":1600,"height":1196},{"@type":"BreadcrumbList","@id":"https:\/\/grupoafv.com\/?page_id=559#breadcrumb","itemListElement":[{"@type":"ListItem","position":1,"name":"Portada","item":"https:\/\/grupoafv.com\/"},{"@type":"ListItem","position":2,"name":"Especiales"}]},{"@type":"WebSite","@id":"https:\/\/grupoafv.com\/#website","url":"https:\/\/grupoafv.com\/","name":"Grupo AFV","description":"Nos especializamos en la instalaci\u00f3n de telecomunicaciones, sistemas el\u00e9ctricos y energ\u00edas fotovoltaicas, ofreciendo soluciones personalizadas y de alta calidad. Contamos con un equipo de profesionales altamente capacitados y m\u00e1s de 10 a\u00f1os de experiencia, lo que nos permite garantizar un servicio eficiente y adaptado a las necesidades de clientes residenciales, comerciales e industriales. Comprometidos con la innovaci\u00f3n y la sostenibilidad, trabajamos para construir infraestructuras modernas y respetuosas con el medio ambiente.","publisher":{"@id":"https:\/\/grupoafv.com\/#organization"},"potentialAction":[{"@type":"SearchAction","target":{"@type":"EntryPoint","urlTemplate":"https:\/\/grupoafv.com\/?s={search_term_string}"},"query-input":{"@type":"PropertyValueSpecification","valueRequired":true,"valueName":"search_term_string"}}],"inLanguage":"es"},{"@type":"Organization","@id":"https:\/\/grupoafv.com\/#organization","name":"Grupo AFV","url":"https:\/\/grupoafv.com\/","logo":{"@type":"ImageObject","inLanguage":"es","@id":"https:\/\/grupoafv.com\/#\/schema\/logo\/image\/","url":"https:\/\/grupoafv.com\/wp-content\/uploads\/2024\/11\/LOGO-AFV.jpg","contentUrl":"https:\/\/grupoafv.com\/wp-content\/uploads\/2024\/11\/LOGO-AFV.jpg","width":1200,"height":1200,"caption":"Grupo AFV"},"image":{"@id":"https:\/\/grupoafv.com\/#\/schema\/logo\/image\/"}}]}},"_links":{"self":[{"href":"https:\/\/grupoafv.com\/index.php?rest_route=\/wp\/v2\/pages\/559","targetHints":{"allow":["GET"]}}],"collection":[{"href":"https:\/\/grupoafv.com\/index.php?rest_route=\/wp\/v2\/pages"}],"about":[{"href":"https:\/\/grupoafv.com\/index.php?rest_route=\/wp\/v2\/types\/page"}],"author":[{"embeddable":true,"href":"https:\/\/grupoafv.com\/index.php?rest_route=\/wp\/v2\/users\/1"}],"replies":[{"embeddable":true,"href":"https:\/\/grupoafv.com\/index.php?rest_route=%2Fwp%2Fv2%2Fcomments&post=559"}],"version-history":[{"count":9,"href":"https:\/\/grupoafv.com\/index.php?rest_route=\/wp\/v2\/pages\/559\/revisions"}],"predecessor-version":[{"id":579,"href":"https:\/\/grupoafv.com\/index.php?rest_route=\/wp\/v2\/pages\/559\/revisions\/579"}],"wp:attachment":[{"href":"https:\/\/grupoafv.com\/index.php?rest_route=%2Fwp%2Fv2%2Fmedia&parent=559"}],"curies":[{"name":"wp","href":"https:\/\/api.w.org\/{rel}","templated":true}]}}