{"id":543,"date":"2024-12-09T16:11:00","date_gmt":"2024-12-09T15:11:00","guid":{"rendered":"https:\/\/grupoafv.com\/?page_id=543"},"modified":"2024-12-16T19:00:43","modified_gmt":"2024-12-16T18:00:43","slug":"despliegues","status":"publish","type":"page","link":"https:\/\/grupoafv.com\/?page_id=543","title":{"rendered":"Despliegues"},"content":{"rendered":"\n<p class=\"has-text-align-center\" style=\"font-size:42px\"><strong>Despliegues<\/strong><\/p>\n\n\n\n<p>Realizamos cualquier tipo de despliegue de cableados de comunicaciones, tenemos gran experiencia en despliegues de fibra \u00f3ptica, despliegues de cableado estructurado ethernet CAT6, CAT6A y CAT7 y cableado RF y conectores de todo tipo.<\/p>\n\n\n\n<p class=\"has-text-align-center has-medium-font-size\"><strong>\u00bfQu\u00e9 hacemos?<\/strong><\/p>\n\n\n\n<ul class=\"wp-block-list\">\n<li>Dise\u00f1o de redes de fibra \u00f3ptica<\/li>\n\n\n\n<li>Dise\u00f1o de redes ethernet<\/li>\n\n\n\n<li>Servicio de consultor\u00eda para dise\u00f1o de redes cableadas o inal\u00e1mbricas<\/li>\n\n\n\n<li>Despliegue de fibra \u00f3ptica<\/li>\n\n\n\n<li>Despliegue de cable ethernet<\/li>\n\n\n\n<li>Certificados de fibra \u00f3ptica<\/li>\n\n\n\n<li>Certificados de cable ethernet hasta CAT6A<\/li>\n\n\n\n<li>Solicitud de licencias relacionadas.<\/li>\n<\/ul>\n\n\n\n<figure class=\"wp-block-image alignfull size-full\"><img loading=\"lazy\" decoding=\"async\" width=\"2560\" height=\"905\" src=\"https:\/\/grupoafv.com\/wp-content\/uploads\/2024\/12\/DESPLIEGUES-1-scaled.jpg\" alt=\"\" class=\"wp-image-544\" srcset=\"https:\/\/grupoafv.com\/wp-content\/uploads\/2024\/12\/DESPLIEGUES-1-scaled.jpg 2560w, https:\/\/grupoafv.com\/wp-content\/uploads\/2024\/12\/DESPLIEGUES-1-300x106.jpg 300w, https:\/\/grupoafv.com\/wp-content\/uploads\/2024\/12\/DESPLIEGUES-1-1024x362.jpg 1024w, https:\/\/grupoafv.com\/wp-content\/uploads\/2024\/12\/DESPLIEGUES-1-768x271.jpg 768w, https:\/\/grupoafv.com\/wp-content\/uploads\/2024\/12\/DESPLIEGUES-1-1536x543.jpg 1536w, https:\/\/grupoafv.com\/wp-content\/uploads\/2024\/12\/DESPLIEGUES-1-2048x724.jpg 2048w\" sizes=\"auto, (max-width: 2560px) 100vw, 2560px\" \/><\/figure>\n\n\n\n<p>Entre nuestras actividades, nuestra empresa cuenta con un operador local llamado ONION con m\u00e1s de 1.500 clientes en el que trabajamos despliegues de fibra \u00f3ptica propios, despliegue de redes WiMAX, radioenlaces&#8230; de ah\u00ed que sea una de nuestras actividades principales.<\/p>\n\n\n\n<figure class=\"wp-block-image size-medium\"><a href=\"www.fibraonion.es\"><img loading=\"lazy\" decoding=\"async\" width=\"300\" height=\"157\" src=\"https:\/\/grupoafv.com\/wp-content\/uploads\/2024\/12\/logo-completo-morado-300x157.jpg\" alt=\"\" class=\"wp-image-550\" srcset=\"https:\/\/grupoafv.com\/wp-content\/uploads\/2024\/12\/logo-completo-morado-300x157.jpg 300w, https:\/\/grupoafv.com\/wp-content\/uploads\/2024\/12\/logo-completo-morado-1024x536.jpg 1024w, https:\/\/grupoafv.com\/wp-content\/uploads\/2024\/12\/logo-completo-morado-768x402.jpg 768w, https:\/\/grupoafv.com\/wp-content\/uploads\/2024\/12\/logo-completo-morado.jpg 1200w\" sizes=\"auto, (max-width: 300px) 100vw, 300px\" \/><\/a><\/figure>\n\n\n\n<p class=\"has-text-align-center\" style=\"font-size:25px\"><strong><a href=\"https:\/\/grupoafv.com\/?page_id=442\" data-type=\"page\" data-id=\"442\">\u00a1Cu\u00e9ntanos tu proyecto!<\/a><\/strong><\/p>\n","protected":false},"excerpt":{"rendered":"<p>Despliegues Realizamos cualquier tipo de despliegue de cableados de comunicaciones, tenemos gran experiencia en despliegues de fibra \u00f3ptica, despliegues de cableado estructurado ethernet CAT6, CAT6A y CAT7 y cableado RF&#8230;<\/p>\n","protected":false},"author":1,"featured_media":0,"parent":0,"menu_order":0,"comment_status":"closed","ping_status":"closed","template":"","meta":{"footnotes":""},"class_list":["post-543","page","type-page","status-publish"],"yoast_head":"<!-- This site is optimized with the Yoast SEO plugin v24.3 - https:\/\/yoast.com\/wordpress\/plugins\/seo\/ -->\n<title>Despliegues - Grupo AFV<\/title>\n<meta name=\"robots\" content=\"index, follow, max-snippet:-1, max-image-preview:large, max-video-preview:-1\" \/>\n<link rel=\"canonical\" href=\"https:\/\/grupoafv.com\/?page_id=543\" \/>\n<meta property=\"og:locale\" content=\"es_ES\" \/>\n<meta property=\"og:type\" content=\"article\" \/>\n<meta property=\"og:title\" content=\"Despliegues - Grupo AFV\" \/>\n<meta property=\"og:description\" content=\"Despliegues Realizamos cualquier tipo de despliegue de cableados de comunicaciones, tenemos gran experiencia en despliegues de fibra \u00f3ptica, despliegues de cableado estructurado ethernet CAT6, CAT6A y CAT7 y cableado RF...\" \/>\n<meta property=\"og:url\" content=\"https:\/\/grupoafv.com\/?page_id=543\" \/>\n<meta property=\"og:site_name\" content=\"Grupo AFV\" \/>\n<meta property=\"article:modified_time\" content=\"2024-12-16T18:00:43+00:00\" \/>\n<meta property=\"og:image\" content=\"https:\/\/grupoafv.com\/wp-content\/uploads\/2024\/12\/DESPLIEGUES-1-scaled.jpg\" \/>\n<meta name=\"twitter:card\" content=\"summary_large_image\" \/>\n<meta name=\"twitter:label1\" content=\"Tiempo de lectura\" \/>\n\t<meta name=\"twitter:data1\" content=\"1 minuto\" \/>\n<script type=\"application\/ld+json\" class=\"yoast-schema-graph\">{\"@context\":\"https:\/\/schema.org\",\"@graph\":[{\"@type\":\"WebPage\",\"@id\":\"https:\/\/grupoafv.com\/?page_id=543\",\"url\":\"https:\/\/grupoafv.com\/?page_id=543\",\"name\":\"Despliegues - Grupo AFV\",\"isPartOf\":{\"@id\":\"https:\/\/grupoafv.com\/#website\"},\"primaryImageOfPage\":{\"@id\":\"https:\/\/grupoafv.com\/?page_id=543#primaryimage\"},\"image\":{\"@id\":\"https:\/\/grupoafv.com\/?page_id=543#primaryimage\"},\"thumbnailUrl\":\"https:\/\/grupoafv.com\/wp-content\/uploads\/2024\/12\/DESPLIEGUES-1-scaled.jpg\",\"datePublished\":\"2024-12-09T15:11:00+00:00\",\"dateModified\":\"2024-12-16T18:00:43+00:00\",\"breadcrumb\":{\"@id\":\"https:\/\/grupoafv.com\/?page_id=543#breadcrumb\"},\"inLanguage\":\"es\",\"potentialAction\":[{\"@type\":\"ReadAction\",\"target\":[\"https:\/\/grupoafv.com\/?page_id=543\"]}]},{\"@type\":\"ImageObject\",\"inLanguage\":\"es\",\"@id\":\"https:\/\/grupoafv.com\/?page_id=543#primaryimage\",\"url\":\"https:\/\/grupoafv.com\/wp-content\/uploads\/2024\/12\/DESPLIEGUES-1-scaled.jpg\",\"contentUrl\":\"https:\/\/grupoafv.com\/wp-content\/uploads\/2024\/12\/DESPLIEGUES-1-scaled.jpg\",\"width\":2560,\"height\":905},{\"@type\":\"BreadcrumbList\",\"@id\":\"https:\/\/grupoafv.com\/?page_id=543#breadcrumb\",\"itemListElement\":[{\"@type\":\"ListItem\",\"position\":1,\"name\":\"Portada\",\"item\":\"https:\/\/grupoafv.com\/\"},{\"@type\":\"ListItem\",\"position\":2,\"name\":\"Despliegues\"}]},{\"@type\":\"WebSite\",\"@id\":\"https:\/\/grupoafv.com\/#website\",\"url\":\"https:\/\/grupoafv.com\/\",\"name\":\"Grupo AFV\",\"description\":\"Nos especializamos en la instalaci\u00f3n de telecomunicaciones, sistemas el\u00e9ctricos y energ\u00edas fotovoltaicas, ofreciendo soluciones personalizadas y de alta calidad. Contamos con un equipo de profesionales altamente capacitados y m\u00e1s de 10 a\u00f1os de experiencia, lo que nos permite garantizar un servicio eficiente y adaptado a las necesidades de clientes residenciales, comerciales e industriales. Comprometidos con la innovaci\u00f3n y la sostenibilidad, trabajamos para construir infraestructuras modernas y respetuosas con el medio ambiente.\",\"publisher\":{\"@id\":\"https:\/\/grupoafv.com\/#organization\"},\"potentialAction\":[{\"@type\":\"SearchAction\",\"target\":{\"@type\":\"EntryPoint\",\"urlTemplate\":\"https:\/\/grupoafv.com\/?s={search_term_string}\"},\"query-input\":{\"@type\":\"PropertyValueSpecification\",\"valueRequired\":true,\"valueName\":\"search_term_string\"}}],\"inLanguage\":\"es\"},{\"@type\":\"Organization\",\"@id\":\"https:\/\/grupoafv.com\/#organization\",\"name\":\"Grupo AFV\",\"url\":\"https:\/\/grupoafv.com\/\",\"logo\":{\"@type\":\"ImageObject\",\"inLanguage\":\"es\",\"@id\":\"https:\/\/grupoafv.com\/#\/schema\/logo\/image\/\",\"url\":\"https:\/\/grupoafv.com\/wp-content\/uploads\/2024\/11\/LOGO-AFV.jpg\",\"contentUrl\":\"https:\/\/grupoafv.com\/wp-content\/uploads\/2024\/11\/LOGO-AFV.jpg\",\"width\":1200,\"height\":1200,\"caption\":\"Grupo AFV\"},\"image\":{\"@id\":\"https:\/\/grupoafv.com\/#\/schema\/logo\/image\/\"}}]}<\/script>\n<!-- \/ Yoast SEO plugin. -->","yoast_head_json":{"title":"Despliegues - Grupo AFV","robots":{"index":"index","follow":"follow","max-snippet":"max-snippet:-1","max-image-preview":"max-image-preview:large","max-video-preview":"max-video-preview:-1"},"canonical":"https:\/\/grupoafv.com\/?page_id=543","og_locale":"es_ES","og_type":"article","og_title":"Despliegues - Grupo AFV","og_description":"Despliegues Realizamos cualquier tipo de despliegue de cableados de comunicaciones, tenemos gran experiencia en despliegues de fibra \u00f3ptica, despliegues de cableado estructurado ethernet CAT6, CAT6A y CAT7 y cableado RF...","og_url":"https:\/\/grupoafv.com\/?page_id=543","og_site_name":"Grupo AFV","article_modified_time":"2024-12-16T18:00:43+00:00","og_image":[{"url":"https:\/\/grupoafv.com\/wp-content\/uploads\/2024\/12\/DESPLIEGUES-1-scaled.jpg","type":"","width":"","height":""}],"twitter_card":"summary_large_image","twitter_misc":{"Tiempo de lectura":"1 minuto"},"schema":{"@context":"https:\/\/schema.org","@graph":[{"@type":"WebPage","@id":"https:\/\/grupoafv.com\/?page_id=543","url":"https:\/\/grupoafv.com\/?page_id=543","name":"Despliegues - Grupo AFV","isPartOf":{"@id":"https:\/\/grupoafv.com\/#website"},"primaryImageOfPage":{"@id":"https:\/\/grupoafv.com\/?page_id=543#primaryimage"},"image":{"@id":"https:\/\/grupoafv.com\/?page_id=543#primaryimage"},"thumbnailUrl":"https:\/\/grupoafv.com\/wp-content\/uploads\/2024\/12\/DESPLIEGUES-1-scaled.jpg","datePublished":"2024-12-09T15:11:00+00:00","dateModified":"2024-12-16T18:00:43+00:00","breadcrumb":{"@id":"https:\/\/grupoafv.com\/?page_id=543#breadcrumb"},"inLanguage":"es","potentialAction":[{"@type":"ReadAction","target":["https:\/\/grupoafv.com\/?page_id=543"]}]},{"@type":"ImageObject","inLanguage":"es","@id":"https:\/\/grupoafv.com\/?page_id=543#primaryimage","url":"https:\/\/grupoafv.com\/wp-content\/uploads\/2024\/12\/DESPLIEGUES-1-scaled.jpg","contentUrl":"https:\/\/grupoafv.com\/wp-content\/uploads\/2024\/12\/DESPLIEGUES-1-scaled.jpg","width":2560,"height":905},{"@type":"BreadcrumbList","@id":"https:\/\/grupoafv.com\/?page_id=543#breadcrumb","itemListElement":[{"@type":"ListItem","position":1,"name":"Portada","item":"https:\/\/grupoafv.com\/"},{"@type":"ListItem","position":2,"name":"Despliegues"}]},{"@type":"WebSite","@id":"https:\/\/grupoafv.com\/#website","url":"https:\/\/grupoafv.com\/","name":"Grupo AFV","description":"Nos especializamos en la instalaci\u00f3n de telecomunicaciones, sistemas el\u00e9ctricos y energ\u00edas fotovoltaicas, ofreciendo soluciones personalizadas y de alta calidad. Contamos con un equipo de profesionales altamente capacitados y m\u00e1s de 10 a\u00f1os de experiencia, lo que nos permite garantizar un servicio eficiente y adaptado a las necesidades de clientes residenciales, comerciales e industriales. Comprometidos con la innovaci\u00f3n y la sostenibilidad, trabajamos para construir infraestructuras modernas y respetuosas con el medio ambiente.","publisher":{"@id":"https:\/\/grupoafv.com\/#organization"},"potentialAction":[{"@type":"SearchAction","target":{"@type":"EntryPoint","urlTemplate":"https:\/\/grupoafv.com\/?s={search_term_string}"},"query-input":{"@type":"PropertyValueSpecification","valueRequired":true,"valueName":"search_term_string"}}],"inLanguage":"es"},{"@type":"Organization","@id":"https:\/\/grupoafv.com\/#organization","name":"Grupo AFV","url":"https:\/\/grupoafv.com\/","logo":{"@type":"ImageObject","inLanguage":"es","@id":"https:\/\/grupoafv.com\/#\/schema\/logo\/image\/","url":"https:\/\/grupoafv.com\/wp-content\/uploads\/2024\/11\/LOGO-AFV.jpg","contentUrl":"https:\/\/grupoafv.com\/wp-content\/uploads\/2024\/11\/LOGO-AFV.jpg","width":1200,"height":1200,"caption":"Grupo AFV"},"image":{"@id":"https:\/\/grupoafv.com\/#\/schema\/logo\/image\/"}}]}},"_links":{"self":[{"href":"https:\/\/grupoafv.com\/index.php?rest_route=\/wp\/v2\/pages\/543","targetHints":{"allow":["GET"]}}],"collection":[{"href":"https:\/\/grupoafv.com\/index.php?rest_route=\/wp\/v2\/pages"}],"about":[{"href":"https:\/\/grupoafv.com\/index.php?rest_route=\/wp\/v2\/types\/page"}],"author":[{"embeddable":true,"href":"https:\/\/grupoafv.com\/index.php?rest_route=\/wp\/v2\/users\/1"}],"replies":[{"embeddable":true,"href":"https:\/\/grupoafv.com\/index.php?rest_route=%2Fwp%2Fv2%2Fcomments&post=543"}],"version-history":[{"count":5,"href":"https:\/\/grupoafv.com\/index.php?rest_route=\/wp\/v2\/pages\/543\/revisions"}],"predecessor-version":[{"id":582,"href":"https:\/\/grupoafv.com\/index.php?rest_route=\/wp\/v2\/pages\/543\/revisions\/582"}],"wp:attachment":[{"href":"https:\/\/grupoafv.com\/index.php?rest_route=%2Fwp%2Fv2%2Fmedia&parent=543"}],"curies":[{"name":"wp","href":"https:\/\/api.w.org\/{rel}","templated":true}]}}