{"id":540,"date":"2024-12-07T21:24:56","date_gmt":"2024-12-07T20:24:56","guid":{"rendered":"https:\/\/grupoafv.com\/?page_id=540"},"modified":"2024-12-18T20:10:05","modified_gmt":"2024-12-18T19:10:05","slug":"racks","status":"publish","type":"page","link":"https:\/\/grupoafv.com\/?page_id=540","title":{"rendered":"Racks"},"content":{"rendered":"\n<p class=\"has-text-align-center\" style=\"font-size:42px\"><strong>Armarios Rack<\/strong><\/p>\n\n\n\n<p>Fabricamos armarios rack a medida y realizamos toda la instalaci\u00f3n de equipos, cableados a medida incluyendo certificaciones y puestas en marcha.<\/p>\n\n\n\n<ul class=\"wp-block-list\">\n<li>Fabricaci\u00f3n de armarios rack a medida<\/li>\n\n\n\n<li>Instalaci\u00f3n de equipos en rack<\/li>\n\n\n\n<li>Fabricaci\u00f3n a medida de todo el cableado<\/li>\n\n\n\n<li>Puesta en marcha y verificaci\u00f3n de funcionamiento<\/li>\n\n\n\n<li>Certificaci\u00f3n de fibra, ethernet y el\u00e9ctrico<\/li>\n\n\n\n<li>Transporte e instalaci\u00f3n en ubicaci\u00f3n final<\/li>\n\n\n\n<li>Soportes a medida para ubicaciones dif\u00edciles<\/li>\n<\/ul>\n\n\n\n<p>A\u00f1os de experiencia en la fabricaci\u00f3n y montaje de armarios racks a medida en entornos dif\u00edciles como desplegables, interior de barcos, CPD&#8230;<\/p>\n\n\n\n<figure class=\"wp-block-image alignfull size-large\"><img loading=\"lazy\" decoding=\"async\" width=\"1024\" height=\"362\" src=\"https:\/\/grupoafv.com\/wp-content\/uploads\/2024\/12\/RACKS-1-1-1024x362.jpg\" alt=\"\" class=\"wp-image-541\" srcset=\"https:\/\/grupoafv.com\/wp-content\/uploads\/2024\/12\/RACKS-1-1-1024x362.jpg 1024w, https:\/\/grupoafv.com\/wp-content\/uploads\/2024\/12\/RACKS-1-1-300x106.jpg 300w, https:\/\/grupoafv.com\/wp-content\/uploads\/2024\/12\/RACKS-1-1-768x271.jpg 768w, https:\/\/grupoafv.com\/wp-content\/uploads\/2024\/12\/RACKS-1-1-1536x543.jpg 1536w, https:\/\/grupoafv.com\/wp-content\/uploads\/2024\/12\/RACKS-1-1-2048x724.jpg 2048w\" sizes=\"auto, (max-width: 1024px) 100vw, 1024px\" \/><\/figure>\n\n\n\n<figure class=\"wp-block-image alignfull size-large\"><img loading=\"lazy\" decoding=\"async\" width=\"1024\" height=\"724\" src=\"https:\/\/grupoafv.com\/wp-content\/uploads\/2024\/12\/racks11-1-1024x724.jpg\" alt=\"\" class=\"wp-image-604\" srcset=\"https:\/\/grupoafv.com\/wp-content\/uploads\/2024\/12\/racks11-1-1024x724.jpg 1024w, https:\/\/grupoafv.com\/wp-content\/uploads\/2024\/12\/racks11-1-300x212.jpg 300w, https:\/\/grupoafv.com\/wp-content\/uploads\/2024\/12\/racks11-1-768x543.jpg 768w, https:\/\/grupoafv.com\/wp-content\/uploads\/2024\/12\/racks11-1-1536x1086.jpg 1536w, https:\/\/grupoafv.com\/wp-content\/uploads\/2024\/12\/racks11-1-2048x1448.jpg 2048w\" sizes=\"auto, (max-width: 1024px) 100vw, 1024px\" \/><\/figure>\n\n\n\n<p class=\"has-text-align-center\" style=\"font-size:25px\"><strong><a href=\"https:\/\/grupoafv.com\/?page_id=442\" data-type=\"page\" data-id=\"442\">\u00a1Cu\u00e9ntanos tu proyecto!<\/a><\/strong><\/p>\n\n\n\n<p><\/p>\n","protected":false},"excerpt":{"rendered":"<p>Armarios Rack Fabricamos armarios rack a medida y realizamos toda la instalaci\u00f3n de equipos, cableados a medida incluyendo certificaciones y puestas en marcha. A\u00f1os de experiencia en la fabricaci\u00f3n y&#8230;<\/p>\n","protected":false},"author":1,"featured_media":0,"parent":0,"menu_order":0,"comment_status":"closed","ping_status":"closed","template":"","meta":{"footnotes":""},"class_list":["post-540","page","type-page","status-publish"],"yoast_head":"<!-- This site is optimized with the Yoast SEO plugin v24.3 - https:\/\/yoast.com\/wordpress\/plugins\/seo\/ -->\n<title>Racks - Grupo AFV<\/title>\n<meta name=\"robots\" content=\"index, follow, max-snippet:-1, max-image-preview:large, max-video-preview:-1\" \/>\n<link rel=\"canonical\" href=\"https:\/\/grupoafv.com\/?page_id=540\" \/>\n<meta property=\"og:locale\" content=\"es_ES\" \/>\n<meta property=\"og:type\" content=\"article\" \/>\n<meta property=\"og:title\" content=\"Racks - Grupo AFV\" \/>\n<meta property=\"og:description\" content=\"Armarios Rack Fabricamos armarios rack a medida y realizamos toda la instalaci\u00f3n de equipos, cableados a medida incluyendo certificaciones y puestas en marcha. A\u00f1os de experiencia en la fabricaci\u00f3n y...\" \/>\n<meta property=\"og:url\" content=\"https:\/\/grupoafv.com\/?page_id=540\" \/>\n<meta property=\"og:site_name\" content=\"Grupo AFV\" \/>\n<meta property=\"article:modified_time\" content=\"2024-12-18T19:10:05+00:00\" \/>\n<meta property=\"og:image\" content=\"https:\/\/grupoafv.com\/wp-content\/uploads\/2024\/12\/RACKS-1-1-1024x362.jpg\" \/>\n<meta name=\"twitter:card\" content=\"summary_large_image\" \/>\n<meta name=\"twitter:label1\" content=\"Tiempo de lectura\" \/>\n\t<meta name=\"twitter:data1\" content=\"1 minuto\" \/>\n<script type=\"application\/ld+json\" class=\"yoast-schema-graph\">{\"@context\":\"https:\/\/schema.org\",\"@graph\":[{\"@type\":\"WebPage\",\"@id\":\"https:\/\/grupoafv.com\/?page_id=540\",\"url\":\"https:\/\/grupoafv.com\/?page_id=540\",\"name\":\"Racks - Grupo AFV\",\"isPartOf\":{\"@id\":\"https:\/\/grupoafv.com\/#website\"},\"primaryImageOfPage\":{\"@id\":\"https:\/\/grupoafv.com\/?page_id=540#primaryimage\"},\"image\":{\"@id\":\"https:\/\/grupoafv.com\/?page_id=540#primaryimage\"},\"thumbnailUrl\":\"https:\/\/grupoafv.com\/wp-content\/uploads\/2024\/12\/RACKS-1-1-1024x362.jpg\",\"datePublished\":\"2024-12-07T20:24:56+00:00\",\"dateModified\":\"2024-12-18T19:10:05+00:00\",\"breadcrumb\":{\"@id\":\"https:\/\/grupoafv.com\/?page_id=540#breadcrumb\"},\"inLanguage\":\"es\",\"potentialAction\":[{\"@type\":\"ReadAction\",\"target\":[\"https:\/\/grupoafv.com\/?page_id=540\"]}]},{\"@type\":\"ImageObject\",\"inLanguage\":\"es\",\"@id\":\"https:\/\/grupoafv.com\/?page_id=540#primaryimage\",\"url\":\"https:\/\/grupoafv.com\/wp-content\/uploads\/2024\/12\/RACKS-1-1-scaled.jpg\",\"contentUrl\":\"https:\/\/grupoafv.com\/wp-content\/uploads\/2024\/12\/RACKS-1-1-scaled.jpg\",\"width\":2560,\"height\":905},{\"@type\":\"BreadcrumbList\",\"@id\":\"https:\/\/grupoafv.com\/?page_id=540#breadcrumb\",\"itemListElement\":[{\"@type\":\"ListItem\",\"position\":1,\"name\":\"Portada\",\"item\":\"https:\/\/grupoafv.com\/\"},{\"@type\":\"ListItem\",\"position\":2,\"name\":\"Racks\"}]},{\"@type\":\"WebSite\",\"@id\":\"https:\/\/grupoafv.com\/#website\",\"url\":\"https:\/\/grupoafv.com\/\",\"name\":\"Grupo AFV\",\"description\":\"Nos especializamos en la instalaci\u00f3n de telecomunicaciones, sistemas el\u00e9ctricos y energ\u00edas fotovoltaicas, ofreciendo soluciones personalizadas y de alta calidad. Contamos con un equipo de profesionales altamente capacitados y m\u00e1s de 10 a\u00f1os de experiencia, lo que nos permite garantizar un servicio eficiente y adaptado a las necesidades de clientes residenciales, comerciales e industriales. Comprometidos con la innovaci\u00f3n y la sostenibilidad, trabajamos para construir infraestructuras modernas y respetuosas con el medio ambiente.\",\"publisher\":{\"@id\":\"https:\/\/grupoafv.com\/#organization\"},\"potentialAction\":[{\"@type\":\"SearchAction\",\"target\":{\"@type\":\"EntryPoint\",\"urlTemplate\":\"https:\/\/grupoafv.com\/?s={search_term_string}\"},\"query-input\":{\"@type\":\"PropertyValueSpecification\",\"valueRequired\":true,\"valueName\":\"search_term_string\"}}],\"inLanguage\":\"es\"},{\"@type\":\"Organization\",\"@id\":\"https:\/\/grupoafv.com\/#organization\",\"name\":\"Grupo AFV\",\"url\":\"https:\/\/grupoafv.com\/\",\"logo\":{\"@type\":\"ImageObject\",\"inLanguage\":\"es\",\"@id\":\"https:\/\/grupoafv.com\/#\/schema\/logo\/image\/\",\"url\":\"https:\/\/grupoafv.com\/wp-content\/uploads\/2024\/11\/LOGO-AFV.jpg\",\"contentUrl\":\"https:\/\/grupoafv.com\/wp-content\/uploads\/2024\/11\/LOGO-AFV.jpg\",\"width\":1200,\"height\":1200,\"caption\":\"Grupo AFV\"},\"image\":{\"@id\":\"https:\/\/grupoafv.com\/#\/schema\/logo\/image\/\"}}]}<\/script>\n<!-- \/ Yoast SEO plugin. -->","yoast_head_json":{"title":"Racks - Grupo AFV","robots":{"index":"index","follow":"follow","max-snippet":"max-snippet:-1","max-image-preview":"max-image-preview:large","max-video-preview":"max-video-preview:-1"},"canonical":"https:\/\/grupoafv.com\/?page_id=540","og_locale":"es_ES","og_type":"article","og_title":"Racks - Grupo AFV","og_description":"Armarios Rack Fabricamos armarios rack a medida y realizamos toda la instalaci\u00f3n de equipos, cableados a medida incluyendo certificaciones y puestas en marcha. A\u00f1os de experiencia en la fabricaci\u00f3n y...","og_url":"https:\/\/grupoafv.com\/?page_id=540","og_site_name":"Grupo AFV","article_modified_time":"2024-12-18T19:10:05+00:00","og_image":[{"url":"https:\/\/grupoafv.com\/wp-content\/uploads\/2024\/12\/RACKS-1-1-1024x362.jpg","type":"","width":"","height":""}],"twitter_card":"summary_large_image","twitter_misc":{"Tiempo de lectura":"1 minuto"},"schema":{"@context":"https:\/\/schema.org","@graph":[{"@type":"WebPage","@id":"https:\/\/grupoafv.com\/?page_id=540","url":"https:\/\/grupoafv.com\/?page_id=540","name":"Racks - Grupo AFV","isPartOf":{"@id":"https:\/\/grupoafv.com\/#website"},"primaryImageOfPage":{"@id":"https:\/\/grupoafv.com\/?page_id=540#primaryimage"},"image":{"@id":"https:\/\/grupoafv.com\/?page_id=540#primaryimage"},"thumbnailUrl":"https:\/\/grupoafv.com\/wp-content\/uploads\/2024\/12\/RACKS-1-1-1024x362.jpg","datePublished":"2024-12-07T20:24:56+00:00","dateModified":"2024-12-18T19:10:05+00:00","breadcrumb":{"@id":"https:\/\/grupoafv.com\/?page_id=540#breadcrumb"},"inLanguage":"es","potentialAction":[{"@type":"ReadAction","target":["https:\/\/grupoafv.com\/?page_id=540"]}]},{"@type":"ImageObject","inLanguage":"es","@id":"https:\/\/grupoafv.com\/?page_id=540#primaryimage","url":"https:\/\/grupoafv.com\/wp-content\/uploads\/2024\/12\/RACKS-1-1-scaled.jpg","contentUrl":"https:\/\/grupoafv.com\/wp-content\/uploads\/2024\/12\/RACKS-1-1-scaled.jpg","width":2560,"height":905},{"@type":"BreadcrumbList","@id":"https:\/\/grupoafv.com\/?page_id=540#breadcrumb","itemListElement":[{"@type":"ListItem","position":1,"name":"Portada","item":"https:\/\/grupoafv.com\/"},{"@type":"ListItem","position":2,"name":"Racks"}]},{"@type":"WebSite","@id":"https:\/\/grupoafv.com\/#website","url":"https:\/\/grupoafv.com\/","name":"Grupo AFV","description":"Nos especializamos en la instalaci\u00f3n de telecomunicaciones, sistemas el\u00e9ctricos y energ\u00edas fotovoltaicas, ofreciendo soluciones personalizadas y de alta calidad. Contamos con un equipo de profesionales altamente capacitados y m\u00e1s de 10 a\u00f1os de experiencia, lo que nos permite garantizar un servicio eficiente y adaptado a las necesidades de clientes residenciales, comerciales e industriales. Comprometidos con la innovaci\u00f3n y la sostenibilidad, trabajamos para construir infraestructuras modernas y respetuosas con el medio ambiente.","publisher":{"@id":"https:\/\/grupoafv.com\/#organization"},"potentialAction":[{"@type":"SearchAction","target":{"@type":"EntryPoint","urlTemplate":"https:\/\/grupoafv.com\/?s={search_term_string}"},"query-input":{"@type":"PropertyValueSpecification","valueRequired":true,"valueName":"search_term_string"}}],"inLanguage":"es"},{"@type":"Organization","@id":"https:\/\/grupoafv.com\/#organization","name":"Grupo AFV","url":"https:\/\/grupoafv.com\/","logo":{"@type":"ImageObject","inLanguage":"es","@id":"https:\/\/grupoafv.com\/#\/schema\/logo\/image\/","url":"https:\/\/grupoafv.com\/wp-content\/uploads\/2024\/11\/LOGO-AFV.jpg","contentUrl":"https:\/\/grupoafv.com\/wp-content\/uploads\/2024\/11\/LOGO-AFV.jpg","width":1200,"height":1200,"caption":"Grupo AFV"},"image":{"@id":"https:\/\/grupoafv.com\/#\/schema\/logo\/image\/"}}]}},"_links":{"self":[{"href":"https:\/\/grupoafv.com\/index.php?rest_route=\/wp\/v2\/pages\/540","targetHints":{"allow":["GET"]}}],"collection":[{"href":"https:\/\/grupoafv.com\/index.php?rest_route=\/wp\/v2\/pages"}],"about":[{"href":"https:\/\/grupoafv.com\/index.php?rest_route=\/wp\/v2\/types\/page"}],"author":[{"embeddable":true,"href":"https:\/\/grupoafv.com\/index.php?rest_route=\/wp\/v2\/users\/1"}],"replies":[{"embeddable":true,"href":"https:\/\/grupoafv.com\/index.php?rest_route=%2Fwp%2Fv2%2Fcomments&post=540"}],"version-history":[{"count":6,"href":"https:\/\/grupoafv.com\/index.php?rest_route=\/wp\/v2\/pages\/540\/revisions"}],"predecessor-version":[{"id":605,"href":"https:\/\/grupoafv.com\/index.php?rest_route=\/wp\/v2\/pages\/540\/revisions\/605"}],"wp:attachment":[{"href":"https:\/\/grupoafv.com\/index.php?rest_route=%2Fwp%2Fv2%2Fmedia&parent=540"}],"curies":[{"name":"wp","href":"https:\/\/api.w.org\/{rel}","templated":true}]}}