{"id":532,"date":"2024-12-07T20:59:32","date_gmt":"2024-12-07T19:59:32","guid":{"rendered":"https:\/\/grupoafv.com\/?page_id=532"},"modified":"2025-01-23T07:41:03","modified_gmt":"2025-01-23T06:41:03","slug":"electricidad","status":"publish","type":"page","link":"https:\/\/grupoafv.com\/?page_id=532","title":{"rendered":"Electricidad"},"content":{"rendered":"\n<p class=\"has-text-align-center\" style=\"font-size:44px\"><strong>Electricidad<\/strong><\/p>\n\n\n\n<p>Con m\u00e1s de 10 a\u00f1os de experiencia, contamos con la capacidad y herramientas necesarias para poder abarcar cualquier tipo de trabajos relacionados con la electricidad, tanto en circuitos el\u00e9ctricos como en instalaciones fotovoltaicas.<\/p>\n\n\n\n<p class=\"has-text-align-center has-medium-font-size\"><strong>\u00bfQu\u00e9 hacemos?<\/strong><\/p>\n\n\n\n<ul class=\"wp-block-list\">\n<li>Dise\u00f1o de circuitos el\u00e9ctricos<\/li>\n\n\n\n<li>Fabricaci\u00f3n y montaje de cuadros el\u00e9ctricos<\/li>\n\n\n\n<li>Instalaci\u00f3n de circuitos el\u00e9ctricos<\/li>\n\n\n\n<li>Fabricaci\u00f3n a medida de estructuras fotovoltaicas<\/li>\n\n\n\n<li>Instalaciones fotovoltaicas<\/li>\n\n\n\n<li>Estudio y dimensionamiento en instalaciones fotovoltaicas<\/li>\n\n\n\n<li>Certificaci\u00f3n en instalaciones el\u00e9ctricas y fotovoltaicas<\/li>\n<\/ul>\n\n\n\n<figure class=\"wp-block-image alignfull size-large\"><img loading=\"lazy\" decoding=\"async\" width=\"1024\" height=\"724\" src=\"https:\/\/grupoafv.com\/wp-content\/uploads\/2024\/12\/placas-2-1024x724.jpg\" alt=\"\" class=\"wp-image-533\" srcset=\"https:\/\/grupoafv.com\/wp-content\/uploads\/2024\/12\/placas-2-1024x724.jpg 1024w, https:\/\/grupoafv.com\/wp-content\/uploads\/2024\/12\/placas-2-300x212.jpg 300w, https:\/\/grupoafv.com\/wp-content\/uploads\/2024\/12\/placas-2-768x543.jpg 768w, https:\/\/grupoafv.com\/wp-content\/uploads\/2024\/12\/placas-2-1536x1086.jpg 1536w, https:\/\/grupoafv.com\/wp-content\/uploads\/2024\/12\/placas-2-2048x1448.jpg 2048w\" sizes=\"auto, (max-width: 1024px) 100vw, 1024px\" \/><\/figure>\n\n\n\n<p>Podemos adaptarnos a su proyecto y realizar una instalaci\u00f3n a medida, realizar todo el trabajo de ingenier\u00eda, dise\u00f1o, permisos, instalaci\u00f3n y certificaci\u00f3n de cualquier tipo de instalaci\u00f3n el\u00e9ctrica.<\/p>\n\n\n\n<figure class=\"wp-block-image alignfull size-large\"><img loading=\"lazy\" decoding=\"async\" width=\"1024\" height=\"724\" src=\"https:\/\/grupoafv.com\/wp-content\/uploads\/2024\/12\/cuadros-1024x724.jpg\" alt=\"\" class=\"wp-image-534\" srcset=\"https:\/\/grupoafv.com\/wp-content\/uploads\/2024\/12\/cuadros-1024x724.jpg 1024w, https:\/\/grupoafv.com\/wp-content\/uploads\/2024\/12\/cuadros-300x212.jpg 300w, https:\/\/grupoafv.com\/wp-content\/uploads\/2024\/12\/cuadros-768x543.jpg 768w, https:\/\/grupoafv.com\/wp-content\/uploads\/2024\/12\/cuadros-1536x1086.jpg 1536w, https:\/\/grupoafv.com\/wp-content\/uploads\/2024\/12\/cuadros-2048x1448.jpg 2048w\" sizes=\"auto, (max-width: 1024px) 100vw, 1024px\" \/><\/figure>\n\n\n\n<p class=\"has-text-align-center\" style=\"font-size:25px\"><strong><a href=\"https:\/\/grupoafv.com\/?page_id=442\" data-type=\"page\" data-id=\"442\">\u00a1Cu\u00e9ntanos tu proyecto!<\/a><\/strong><\/p>\n","protected":false},"excerpt":{"rendered":"<p>Electricidad Con m\u00e1s de 10 a\u00f1os de experiencia, contamos con la capacidad y herramientas necesarias para poder abarcar cualquier tipo de trabajos relacionados con la electricidad, tanto en circuitos el\u00e9ctricos&#8230;<\/p>\n","protected":false},"author":1,"featured_media":0,"parent":0,"menu_order":0,"comment_status":"closed","ping_status":"closed","template":"","meta":{"footnotes":""},"class_list":["post-532","page","type-page","status-publish"],"yoast_head":"<!-- This site is optimized with the Yoast SEO plugin v24.3 - https:\/\/yoast.com\/wordpress\/plugins\/seo\/ -->\n<title>Electricidad - Grupo AFV<\/title>\n<meta name=\"robots\" content=\"index, follow, max-snippet:-1, max-image-preview:large, max-video-preview:-1\" \/>\n<link rel=\"canonical\" href=\"https:\/\/grupoafv.com\/?page_id=532\" \/>\n<meta property=\"og:locale\" content=\"es_ES\" \/>\n<meta property=\"og:type\" content=\"article\" \/>\n<meta property=\"og:title\" content=\"Electricidad - Grupo AFV\" \/>\n<meta property=\"og:description\" content=\"Electricidad Con m\u00e1s de 10 a\u00f1os de experiencia, contamos con la capacidad y herramientas necesarias para poder abarcar cualquier tipo de trabajos relacionados con la electricidad, tanto en circuitos el\u00e9ctricos...\" \/>\n<meta property=\"og:url\" content=\"https:\/\/grupoafv.com\/?page_id=532\" \/>\n<meta property=\"og:site_name\" content=\"Grupo AFV\" \/>\n<meta property=\"article:modified_time\" content=\"2025-01-23T06:41:03+00:00\" \/>\n<meta property=\"og:image\" content=\"https:\/\/grupoafv.com\/wp-content\/uploads\/2024\/12\/placas-2-1024x724.jpg\" \/>\n<meta name=\"twitter:card\" content=\"summary_large_image\" \/>\n<meta name=\"twitter:label1\" content=\"Tiempo de lectura\" \/>\n\t<meta name=\"twitter:data1\" content=\"1 minuto\" \/>\n<script type=\"application\/ld+json\" class=\"yoast-schema-graph\">{\"@context\":\"https:\/\/schema.org\",\"@graph\":[{\"@type\":\"WebPage\",\"@id\":\"https:\/\/grupoafv.com\/?page_id=532\",\"url\":\"https:\/\/grupoafv.com\/?page_id=532\",\"name\":\"Electricidad - Grupo AFV\",\"isPartOf\":{\"@id\":\"https:\/\/grupoafv.com\/#website\"},\"primaryImageOfPage\":{\"@id\":\"https:\/\/grupoafv.com\/?page_id=532#primaryimage\"},\"image\":{\"@id\":\"https:\/\/grupoafv.com\/?page_id=532#primaryimage\"},\"thumbnailUrl\":\"https:\/\/grupoafv.com\/wp-content\/uploads\/2024\/12\/placas-2-1024x724.jpg\",\"datePublished\":\"2024-12-07T19:59:32+00:00\",\"dateModified\":\"2025-01-23T06:41:03+00:00\",\"breadcrumb\":{\"@id\":\"https:\/\/grupoafv.com\/?page_id=532#breadcrumb\"},\"inLanguage\":\"es\",\"potentialAction\":[{\"@type\":\"ReadAction\",\"target\":[\"https:\/\/grupoafv.com\/?page_id=532\"]}]},{\"@type\":\"ImageObject\",\"inLanguage\":\"es\",\"@id\":\"https:\/\/grupoafv.com\/?page_id=532#primaryimage\",\"url\":\"https:\/\/grupoafv.com\/wp-content\/uploads\/2024\/12\/placas-2-scaled.jpg\",\"contentUrl\":\"https:\/\/grupoafv.com\/wp-content\/uploads\/2024\/12\/placas-2-scaled.jpg\",\"width\":2560,\"height\":1810},{\"@type\":\"BreadcrumbList\",\"@id\":\"https:\/\/grupoafv.com\/?page_id=532#breadcrumb\",\"itemListElement\":[{\"@type\":\"ListItem\",\"position\":1,\"name\":\"Portada\",\"item\":\"https:\/\/grupoafv.com\/\"},{\"@type\":\"ListItem\",\"position\":2,\"name\":\"Electricidad\"}]},{\"@type\":\"WebSite\",\"@id\":\"https:\/\/grupoafv.com\/#website\",\"url\":\"https:\/\/grupoafv.com\/\",\"name\":\"Grupo AFV\",\"description\":\"Nos especializamos en la instalaci\u00f3n de telecomunicaciones, sistemas el\u00e9ctricos y energ\u00edas fotovoltaicas, ofreciendo soluciones personalizadas y de alta calidad. Contamos con un equipo de profesionales altamente capacitados y m\u00e1s de 10 a\u00f1os de experiencia, lo que nos permite garantizar un servicio eficiente y adaptado a las necesidades de clientes residenciales, comerciales e industriales. Comprometidos con la innovaci\u00f3n y la sostenibilidad, trabajamos para construir infraestructuras modernas y respetuosas con el medio ambiente.\",\"publisher\":{\"@id\":\"https:\/\/grupoafv.com\/#organization\"},\"potentialAction\":[{\"@type\":\"SearchAction\",\"target\":{\"@type\":\"EntryPoint\",\"urlTemplate\":\"https:\/\/grupoafv.com\/?s={search_term_string}\"},\"query-input\":{\"@type\":\"PropertyValueSpecification\",\"valueRequired\":true,\"valueName\":\"search_term_string\"}}],\"inLanguage\":\"es\"},{\"@type\":\"Organization\",\"@id\":\"https:\/\/grupoafv.com\/#organization\",\"name\":\"Grupo AFV\",\"url\":\"https:\/\/grupoafv.com\/\",\"logo\":{\"@type\":\"ImageObject\",\"inLanguage\":\"es\",\"@id\":\"https:\/\/grupoafv.com\/#\/schema\/logo\/image\/\",\"url\":\"https:\/\/grupoafv.com\/wp-content\/uploads\/2024\/11\/LOGO-AFV.jpg\",\"contentUrl\":\"https:\/\/grupoafv.com\/wp-content\/uploads\/2024\/11\/LOGO-AFV.jpg\",\"width\":1200,\"height\":1200,\"caption\":\"Grupo AFV\"},\"image\":{\"@id\":\"https:\/\/grupoafv.com\/#\/schema\/logo\/image\/\"}}]}<\/script>\n<!-- \/ Yoast SEO plugin. -->","yoast_head_json":{"title":"Electricidad - Grupo AFV","robots":{"index":"index","follow":"follow","max-snippet":"max-snippet:-1","max-image-preview":"max-image-preview:large","max-video-preview":"max-video-preview:-1"},"canonical":"https:\/\/grupoafv.com\/?page_id=532","og_locale":"es_ES","og_type":"article","og_title":"Electricidad - Grupo AFV","og_description":"Electricidad Con m\u00e1s de 10 a\u00f1os de experiencia, contamos con la capacidad y herramientas necesarias para poder abarcar cualquier tipo de trabajos relacionados con la electricidad, tanto en circuitos el\u00e9ctricos...","og_url":"https:\/\/grupoafv.com\/?page_id=532","og_site_name":"Grupo AFV","article_modified_time":"2025-01-23T06:41:03+00:00","og_image":[{"url":"https:\/\/grupoafv.com\/wp-content\/uploads\/2024\/12\/placas-2-1024x724.jpg","type":"","width":"","height":""}],"twitter_card":"summary_large_image","twitter_misc":{"Tiempo de lectura":"1 minuto"},"schema":{"@context":"https:\/\/schema.org","@graph":[{"@type":"WebPage","@id":"https:\/\/grupoafv.com\/?page_id=532","url":"https:\/\/grupoafv.com\/?page_id=532","name":"Electricidad - Grupo AFV","isPartOf":{"@id":"https:\/\/grupoafv.com\/#website"},"primaryImageOfPage":{"@id":"https:\/\/grupoafv.com\/?page_id=532#primaryimage"},"image":{"@id":"https:\/\/grupoafv.com\/?page_id=532#primaryimage"},"thumbnailUrl":"https:\/\/grupoafv.com\/wp-content\/uploads\/2024\/12\/placas-2-1024x724.jpg","datePublished":"2024-12-07T19:59:32+00:00","dateModified":"2025-01-23T06:41:03+00:00","breadcrumb":{"@id":"https:\/\/grupoafv.com\/?page_id=532#breadcrumb"},"inLanguage":"es","potentialAction":[{"@type":"ReadAction","target":["https:\/\/grupoafv.com\/?page_id=532"]}]},{"@type":"ImageObject","inLanguage":"es","@id":"https:\/\/grupoafv.com\/?page_id=532#primaryimage","url":"https:\/\/grupoafv.com\/wp-content\/uploads\/2024\/12\/placas-2-scaled.jpg","contentUrl":"https:\/\/grupoafv.com\/wp-content\/uploads\/2024\/12\/placas-2-scaled.jpg","width":2560,"height":1810},{"@type":"BreadcrumbList","@id":"https:\/\/grupoafv.com\/?page_id=532#breadcrumb","itemListElement":[{"@type":"ListItem","position":1,"name":"Portada","item":"https:\/\/grupoafv.com\/"},{"@type":"ListItem","position":2,"name":"Electricidad"}]},{"@type":"WebSite","@id":"https:\/\/grupoafv.com\/#website","url":"https:\/\/grupoafv.com\/","name":"Grupo AFV","description":"Nos especializamos en la instalaci\u00f3n de telecomunicaciones, sistemas el\u00e9ctricos y energ\u00edas fotovoltaicas, ofreciendo soluciones personalizadas y de alta calidad. Contamos con un equipo de profesionales altamente capacitados y m\u00e1s de 10 a\u00f1os de experiencia, lo que nos permite garantizar un servicio eficiente y adaptado a las necesidades de clientes residenciales, comerciales e industriales. Comprometidos con la innovaci\u00f3n y la sostenibilidad, trabajamos para construir infraestructuras modernas y respetuosas con el medio ambiente.","publisher":{"@id":"https:\/\/grupoafv.com\/#organization"},"potentialAction":[{"@type":"SearchAction","target":{"@type":"EntryPoint","urlTemplate":"https:\/\/grupoafv.com\/?s={search_term_string}"},"query-input":{"@type":"PropertyValueSpecification","valueRequired":true,"valueName":"search_term_string"}}],"inLanguage":"es"},{"@type":"Organization","@id":"https:\/\/grupoafv.com\/#organization","name":"Grupo AFV","url":"https:\/\/grupoafv.com\/","logo":{"@type":"ImageObject","inLanguage":"es","@id":"https:\/\/grupoafv.com\/#\/schema\/logo\/image\/","url":"https:\/\/grupoafv.com\/wp-content\/uploads\/2024\/11\/LOGO-AFV.jpg","contentUrl":"https:\/\/grupoafv.com\/wp-content\/uploads\/2024\/11\/LOGO-AFV.jpg","width":1200,"height":1200,"caption":"Grupo AFV"},"image":{"@id":"https:\/\/grupoafv.com\/#\/schema\/logo\/image\/"}}]}},"_links":{"self":[{"href":"https:\/\/grupoafv.com\/index.php?rest_route=\/wp\/v2\/pages\/532","targetHints":{"allow":["GET"]}}],"collection":[{"href":"https:\/\/grupoafv.com\/index.php?rest_route=\/wp\/v2\/pages"}],"about":[{"href":"https:\/\/grupoafv.com\/index.php?rest_route=\/wp\/v2\/types\/page"}],"author":[{"embeddable":true,"href":"https:\/\/grupoafv.com\/index.php?rest_route=\/wp\/v2\/users\/1"}],"replies":[{"embeddable":true,"href":"https:\/\/grupoafv.com\/index.php?rest_route=%2Fwp%2Fv2%2Fcomments&post=532"}],"version-history":[{"count":6,"href":"https:\/\/grupoafv.com\/index.php?rest_route=\/wp\/v2\/pages\/532\/revisions"}],"predecessor-version":[{"id":629,"href":"https:\/\/grupoafv.com\/index.php?rest_route=\/wp\/v2\/pages\/532\/revisions\/629"}],"wp:attachment":[{"href":"https:\/\/grupoafv.com\/index.php?rest_route=%2Fwp%2Fv2%2Fmedia&parent=532"}],"curies":[{"name":"wp","href":"https:\/\/api.w.org\/{rel}","templated":true}]}}